{"id":4118,"date":"2022-11-18T11:41:37","date_gmt":"2022-11-18T10:41:37","guid":{"rendered":"https:\/\/tarika10.sg-host.com\/terms-and-conditions\/"},"modified":"2022-11-21T12:55:22","modified_gmt":"2022-11-21T11:55:22","slug":"terms-and-conditions","status":"publish","type":"page","link":"https:\/\/dgtop.ch\/en\/terms-and-conditions\/","title":{"rendered":"Terms and conditions"},"content":{"rendered":"<div class=\"fusion-fullwidth fullwidth-box fusion-builder-row-1 fusion-flex-container nonhundred-percent-fullwidth non-hundred-percent-height-scrolling\" style=\"--awb-border-radius-top-left:0px;--awb-border-radius-top-right:0px;--awb-border-radius-bottom-right:0px;--awb-border-radius-bottom-left:0px;--awb-flex-wrap:wrap;\" ><div class=\"fusion-builder-row fusion-row fusion-flex-align-items-flex-start fusion-flex-content-wrap\" style=\"max-width:1372.8px;margin-left: calc(-4% \/ 2 );margin-right: calc(-4% \/ 2 );\"><div class=\"fusion-layout-column fusion_builder_column fusion-builder-column-0 fusion_builder_column_1_1 1_1 fusion-flex-column\" style=\"--awb-bg-size:cover;--awb-width-large:100%;--awb-margin-top-large:0px;--awb-spacing-right-large:1.92%;--awb-margin-bottom-large:0px;--awb-spacing-left-large:1.92%;--awb-width-medium:100%;--awb-spacing-right-medium:1.92%;--awb-spacing-left-medium:1.92%;--awb-width-small:100%;--awb-spacing-right-small:1.92%;--awb-spacing-left-small:1.92%;\"><div class=\"fusion-column-wrapper fusion-flex-justify-content-flex-start fusion-content-layout-column\"><div class=\"fusion-text fusion-text-1\"><h2 class=\"fusion-responsive-typography-calculated\" data-fontsize=\"54\" data-lineheight=\"61.56px\">Conditions g\u00e9n\u00e9rales d\u2019utilisation du site DGtop.ch<\/h2>\n<p><strong>ARTICLE 1 : Objet<\/strong><\/p>\n<p>Les pr\u00e9sentes \u00ab conditions g\u00e9n\u00e9rales d\u2019utilisation \u00bb ont pour objet l\u2019encadrement juridique de l\u2019utilisation du site DGtop.ch et de ses services.<\/p>\n<p>Ce contrat est conclu entre :<\/p>\n<p>Le g\u00e9rant du site internet, ci-apr\u00e8s d\u00e9sign\u00e9 \u00ab\u00a0l\u2019\u00c9diteur\u00a0\u00bb,<\/p>\n<p>Toute personne physique ou morale souhaitant acc\u00e9der au site et \u00e0 ses services, ci-apr\u00e8s appel\u00e9 \u00ab\u00a0l\u2019Utilisateur\u00a0\u00bb.<\/p>\n<p>Les conditions g\u00e9n\u00e9rales d\u2019utilisation doivent \u00eatre accept\u00e9es par tout Utilisateur, et son acc\u00e8s au site vaut acceptation de ces conditions.<\/p>\n<p><strong>ARTICLE 2 : Mentions l\u00e9gales<\/strong><\/p>\n<p>Pour les personnes morales :<\/p>\n<p>Le site DGtop.ch est \u00e9dit\u00e9 par la soci\u00e9t\u00e9 DGtop sarl, dont le si\u00e8ge social est situ\u00e9 \u00e0 Gen\u00e8ve, Suisse.<\/p>\n<p>La soci\u00e9t\u00e9 est repr\u00e9sent\u00e9e par M. Pascal Blanch.<\/p>\n<p><strong>ARTICLE 3 : acc\u00e8s aux services<\/strong><\/p>\n<p>Tout Utilisateur ayant acc\u00e8s a internet peut acc\u00e9der gratuitement et depuis n\u2019importe o\u00f9 au site. Les frais support\u00e9s par l\u2019Utilisateur pour y acc\u00e9der (connexion internet, mat\u00e9riel informatique, etc.) ne sont pas \u00e0 la charge de l\u2019\u00c9diteur.<\/p>\n<p>Le site et ses diff\u00e9rents services peuvent \u00eatre interrompus ou suspendus par l\u2019\u00c9diteur, notamment \u00e0 l\u2019occasion d\u2019une maintenance, sans obligation de pr\u00e9avis ou de justification.<\/p>\n<p><strong>ARTICLE 4 : Responsabilit\u00e9 de l\u2019Utilisateur<\/strong><\/p>\n<p>L\u2019Utilisateur assume l\u2019enti\u00e8re responsabilit\u00e9 de l\u2019utilisation qu\u2019il fait des informations et contenus pr\u00e9sents sur le site DGtop.ch.<\/p>\n<p>Tout usage du service par l\u2019Utilisateur ayant directement ou indirectement pour cons\u00e9quence des dommages doit faire l\u2019objet d\u2019une indemnisation au profit du site.<\/p>\n<p><strong>ARTICLE 5 : Responsabilit\u00e9 de l\u2019\u00c9diteur<\/strong><\/p>\n<p>Tout dysfonctionnement du serveur ou du r\u00e9seau ne peut engager la responsabilit\u00e9 de l\u2019\u00c9diteur.<\/p>\n<p>De m\u00eame, la responsabilit\u00e9 du site ne peut \u00eatre engag\u00e9e en cas de force majeure ou du fait impr\u00e9visible et insurmontable d\u2019un tiers.<\/p>\n<p>Le site DGtop.ch s\u2019engage \u00e0 mettre en \u0153uvre tous les moyens n\u00e9cessaires pour garantir la s\u00e9curit\u00e9 et la confidentialit\u00e9 des donn\u00e9es. Toutefois, il n\u2019apporte pas une garantie de s\u00e9curit\u00e9 totale.<\/p>\n<p>L\u2019\u00c9diteur se r\u00e9serve la facult\u00e9 d\u2019une non-garantie de la fiabilit\u00e9 des sources, bien que les informations diffus\u00e9es sur le site soient r\u00e9put\u00e9es fiables.<\/p>\n<p><strong>ARTICLE 6 : Propri\u00e9t\u00e9 intellectuelle<\/strong><\/p>\n<p>Les contenus du site DGtop.ch (logos, textes, \u00e9l\u00e9ments graphiques, vid\u00e9os, etc.) sont prot\u00e9g\u00e9s par le droit d\u2019auteur, en vertu du Code de la propri\u00e9t\u00e9 intellectuelle.<\/p>\n<p>L\u2019Utilisateur devra obtenir l\u2019autorisation de l\u2019\u00e9diteur du site avant toute reproduction, copie ou publication de ces diff\u00e9rents contenus.<\/p>\n<p>Ces derniers peuvent \u00eatre utilis\u00e9s par les utilisateurs \u00e0 des fins priv\u00e9es ; tout usage commercial est interdit.<\/p>\n<p><strong>ARTICLE 7 : Donn\u00e9es personnelles<\/strong><\/p>\n<p>L\u2019adresse \u00e9lectronique (e-mail) de l\u2019utilisateur pourra notamment \u00eatre utilis\u00e9e par le site DGtop.ch pour la communication d\u2019informations diverses et la gestion du compte.<\/p>\n<p>DGtop.ch garantit le respect de la vie priv\u00e9e de l\u2019utilisateur.<\/p>\n<p><strong>ARTICLE 8 : Liens hypertextes<\/strong><\/p>\n<p>Les domaines vers lesquels m\u00e8nent les liens hypertextes pr\u00e9sents sur le site n\u2019engagent pas la responsabilit\u00e9 de l\u2019\u00c9diteur de DGtop.ch, qui n\u2019a pas de contr\u00f4le sur ces liens.<\/p>\n<p>Il est possible pour un tiers de cr\u00e9er un lien vers une page du site DGtop.ch sans autorisation expresse de l\u2019\u00e9diteur.<\/p>\n<p><strong>ARTICLE 9 : \u00c9volution des conditions g\u00e9n\u00e9rales d\u2019utilisation<\/strong><\/p>\n<p>Le site DGtop.ch se r\u00e9serve le droit de modifier les clauses de ces conditions g\u00e9n\u00e9rales d\u2019utilisation \u00e0 tout moment et sans justification.<\/p>\n<p><strong>ARTICLE 10 : Dur\u00e9e du contrat<\/strong><\/p>\n<p>La dur\u00e9e du pr\u00e9sent contrat est ind\u00e9termin\u00e9e. Le contrat produit ses effets \u00e0 l\u2019\u00e9gard de l\u2019Utilisateur \u00e0 compter du d\u00e9but de l\u2019utilisation du service.<\/p>\n<p><strong>ARTICLE 11 : Droit applicable et juridiction comp\u00e9tente<\/strong><\/p>\n<p>Le pr\u00e9sent contrat d\u00e9pend de la l\u00e9gislation Suisse.<br \/>\nEn cas de litige non r\u00e9solu \u00e0 l\u2019amiable entre l\u2019Utilisateur et l\u2019\u00c9diteur, les tribunaux de Gen\u00e8ve, Suisse sont comp\u00e9tents pour r\u00e9gler le contentieux.<\/p>\n<\/div><\/div><\/div><\/div><\/div>\n","protected":false},"excerpt":{"rendered":"","protected":false},"author":1,"featured_media":0,"parent":0,"menu_order":0,"comment_status":"closed","ping_status":"closed","template":"","meta":{"footnotes":""},"class_list":["post-4118","page","type-page","status-publish","hentry"],"yoast_head":"<!-- This site is optimized with the Yoast SEO plugin v25.6 - https:\/\/yoast.com\/wordpress\/plugins\/seo\/ -->\n<title>Terms and conditions - DGtop<\/title>\n<meta name=\"robots\" content=\"index, follow, max-snippet:-1, max-image-preview:large, max-video-preview:-1\" \/>\n<link rel=\"canonical\" href=\"https:\/\/dgtop.ch\/en\/terms-and-conditions\/\" \/>\n<meta property=\"og:locale\" content=\"en_US\" \/>\n<meta property=\"og:type\" content=\"article\" \/>\n<meta property=\"og:title\" content=\"Terms and conditions - DGtop\" \/>\n<meta property=\"og:url\" content=\"https:\/\/dgtop.ch\/en\/terms-and-conditions\/\" \/>\n<meta property=\"og:site_name\" content=\"DGtop\" \/>\n<meta property=\"article:modified_time\" content=\"2022-11-21T11:55:22+00:00\" \/>\n<meta name=\"twitter:card\" content=\"summary_large_image\" \/>\n<meta name=\"twitter:label1\" content=\"Est. reading time\" \/>\n\t<meta name=\"twitter:data1\" content=\"4 minutes\" \/>\n<script type=\"application\/ld+json\" class=\"yoast-schema-graph\">{\"@context\":\"https:\/\/schema.org\",\"@graph\":[{\"@type\":\"WebPage\",\"@id\":\"https:\/\/dgtop.ch\/en\/terms-and-conditions\/\",\"url\":\"https:\/\/dgtop.ch\/en\/terms-and-conditions\/\",\"name\":\"Terms and conditions - DGtop\",\"isPartOf\":{\"@id\":\"https:\/\/dgtop.ch\/#website\"},\"datePublished\":\"2022-11-18T10:41:37+00:00\",\"dateModified\":\"2022-11-21T11:55:22+00:00\",\"breadcrumb\":{\"@id\":\"https:\/\/dgtop.ch\/en\/terms-and-conditions\/#breadcrumb\"},\"inLanguage\":\"en-US\",\"potentialAction\":[{\"@type\":\"ReadAction\",\"target\":[\"https:\/\/dgtop.ch\/en\/terms-and-conditions\/\"]}]},{\"@type\":\"BreadcrumbList\",\"@id\":\"https:\/\/dgtop.ch\/en\/terms-and-conditions\/#breadcrumb\",\"itemListElement\":[{\"@type\":\"ListItem\",\"position\":1,\"name\":\"Home\",\"item\":\"https:\/\/dgtop.ch\/en\/\"},{\"@type\":\"ListItem\",\"position\":2,\"name\":\"Terms and conditions\"}]},{\"@type\":\"WebSite\",\"@id\":\"https:\/\/dgtop.ch\/#website\",\"url\":\"https:\/\/dgtop.ch\/\",\"name\":\"DGtop\",\"description\":\"CFO on demand\",\"publisher\":{\"@id\":\"https:\/\/dgtop.ch\/#organization\"},\"alternateName\":\"CFO on demand\",\"potentialAction\":[{\"@type\":\"SearchAction\",\"target\":{\"@type\":\"EntryPoint\",\"urlTemplate\":\"https:\/\/dgtop.ch\/?s={search_term_string}\"},\"query-input\":{\"@type\":\"PropertyValueSpecification\",\"valueRequired\":true,\"valueName\":\"search_term_string\"}}],\"inLanguage\":\"en-US\"},{\"@type\":\"Organization\",\"@id\":\"https:\/\/dgtop.ch\/#organization\",\"name\":\"DGtop\",\"alternateName\":\"CFO on demand\",\"url\":\"https:\/\/dgtop.ch\/\",\"logo\":{\"@type\":\"ImageObject\",\"inLanguage\":\"en-US\",\"@id\":\"https:\/\/dgtop.ch\/#\/schema\/logo\/image\/\",\"url\":\"https:\/\/dgtop.ch\/wp-content\/uploads\/2022\/11\/cfo.webp\",\"contentUrl\":\"https:\/\/dgtop.ch\/wp-content\/uploads\/2022\/11\/cfo.webp\",\"width\":1920,\"height\":1307,\"caption\":\"DGtop\"},\"image\":{\"@id\":\"https:\/\/dgtop.ch\/#\/schema\/logo\/image\/\"}}]}<\/script>\n<!-- \/ Yoast SEO plugin. -->","yoast_head_json":{"title":"Terms and conditions - DGtop","robots":{"index":"index","follow":"follow","max-snippet":"max-snippet:-1","max-image-preview":"max-image-preview:large","max-video-preview":"max-video-preview:-1"},"canonical":"https:\/\/dgtop.ch\/en\/terms-and-conditions\/","og_locale":"en_US","og_type":"article","og_title":"Terms and conditions - DGtop","og_url":"https:\/\/dgtop.ch\/en\/terms-and-conditions\/","og_site_name":"DGtop","article_modified_time":"2022-11-21T11:55:22+00:00","twitter_card":"summary_large_image","twitter_misc":{"Est. reading time":"4 minutes"},"schema":{"@context":"https:\/\/schema.org","@graph":[{"@type":"WebPage","@id":"https:\/\/dgtop.ch\/en\/terms-and-conditions\/","url":"https:\/\/dgtop.ch\/en\/terms-and-conditions\/","name":"Terms and conditions - DGtop","isPartOf":{"@id":"https:\/\/dgtop.ch\/#website"},"datePublished":"2022-11-18T10:41:37+00:00","dateModified":"2022-11-21T11:55:22+00:00","breadcrumb":{"@id":"https:\/\/dgtop.ch\/en\/terms-and-conditions\/#breadcrumb"},"inLanguage":"en-US","potentialAction":[{"@type":"ReadAction","target":["https:\/\/dgtop.ch\/en\/terms-and-conditions\/"]}]},{"@type":"BreadcrumbList","@id":"https:\/\/dgtop.ch\/en\/terms-and-conditions\/#breadcrumb","itemListElement":[{"@type":"ListItem","position":1,"name":"Home","item":"https:\/\/dgtop.ch\/en\/"},{"@type":"ListItem","position":2,"name":"Terms and conditions"}]},{"@type":"WebSite","@id":"https:\/\/dgtop.ch\/#website","url":"https:\/\/dgtop.ch\/","name":"DGtop","description":"CFO on demand","publisher":{"@id":"https:\/\/dgtop.ch\/#organization"},"alternateName":"CFO on demand","potentialAction":[{"@type":"SearchAction","target":{"@type":"EntryPoint","urlTemplate":"https:\/\/dgtop.ch\/?s={search_term_string}"},"query-input":{"@type":"PropertyValueSpecification","valueRequired":true,"valueName":"search_term_string"}}],"inLanguage":"en-US"},{"@type":"Organization","@id":"https:\/\/dgtop.ch\/#organization","name":"DGtop","alternateName":"CFO on demand","url":"https:\/\/dgtop.ch\/","logo":{"@type":"ImageObject","inLanguage":"en-US","@id":"https:\/\/dgtop.ch\/#\/schema\/logo\/image\/","url":"https:\/\/dgtop.ch\/wp-content\/uploads\/2022\/11\/cfo.webp","contentUrl":"https:\/\/dgtop.ch\/wp-content\/uploads\/2022\/11\/cfo.webp","width":1920,"height":1307,"caption":"DGtop"},"image":{"@id":"https:\/\/dgtop.ch\/#\/schema\/logo\/image\/"}}]}},"_links":{"self":[{"href":"https:\/\/dgtop.ch\/en\/wp-json\/wp\/v2\/pages\/4118","targetHints":{"allow":["GET"]}}],"collection":[{"href":"https:\/\/dgtop.ch\/en\/wp-json\/wp\/v2\/pages"}],"about":[{"href":"https:\/\/dgtop.ch\/en\/wp-json\/wp\/v2\/types\/page"}],"author":[{"embeddable":true,"href":"https:\/\/dgtop.ch\/en\/wp-json\/wp\/v2\/users\/1"}],"replies":[{"embeddable":true,"href":"https:\/\/dgtop.ch\/en\/wp-json\/wp\/v2\/comments?post=4118"}],"version-history":[{"count":2,"href":"https:\/\/dgtop.ch\/en\/wp-json\/wp\/v2\/pages\/4118\/revisions"}],"predecessor-version":[{"id":4174,"href":"https:\/\/dgtop.ch\/en\/wp-json\/wp\/v2\/pages\/4118\/revisions\/4174"}],"wp:attachment":[{"href":"https:\/\/dgtop.ch\/en\/wp-json\/wp\/v2\/media?parent=4118"}],"curies":[{"name":"wp","href":"https:\/\/api.w.org\/{rel}","templated":true}]}}